{"id":1539,"date":"2021-11-07T13:59:27","date_gmt":"2021-11-07T13:59:27","guid":{"rendered":"https:\/\/g-r-company.com\/?page_id=1539"},"modified":"2022-06-19T09:58:37","modified_gmt":"2022-06-19T09:58:37","slug":"%d9%82%d8%b3%d9%85-%d8%a7%d9%84%d8%a7%d8%b3%d8%aa%d8%b4%d8%a7%d8%b1%d8%a7%d8%aa","status":"publish","type":"page","link":"https:\/\/g-r-company.com\/?page_id=1539","title":{"rendered":"Beratungsabteilung"},"content":{"rendered":"<p><div class=\"fusion-fullwidth fullwidth-box fusion-builder-row-1 nonhundred-percent-fullwidth non-hundred-percent-height-scrolling\" style=\"background-color: rgba(255,255,255,0);background-position: center center;background-repeat: no-repeat;padding-top:0px;padding-right:0px;padding-bottom:0px;padding-left:0px;margin-bottom: 0px;margin-top: 0px;border-width: 0px 0px 0px 0px;border-color:#e2e2e2;border-style:solid;\" ><div class=\"fusion-builder-row fusion-row\"><div class=\"fusion-layout-column fusion_builder_column fusion-builder-column-0 fusion_builder_column_1_1 1_1 fusion-one-full fusion-column-first fusion-column-last\" style=\"margin-top:0px;margin-bottom:20px;\"><div class=\"fusion-column-wrapper fusion-flex-column-wrapper-legacy\" style=\"background-position:left top;background-repeat:no-repeat;-webkit-background-size:cover;-moz-background-size:cover;-o-background-size:cover;background-size:cover;padding: 0px 0px 0px 0px;\"><div class=\"fusion-text fusion-text-1\"><h1>GRC German Resources Company GmbH<\/h1>\n<p>Die GRC German Resources Company GmbH ist ein etabliertes Unternehmen in Deutschland mit einem guten Ruf durch seine Gesch\u00e4fte mit vielen gro\u00dfen deutschen, europ\u00e4ischen, amerikanischen Unternehmen und dem Rest der Welt. Es h\u00e4lt sich an die Bedingungen der Vereinbarungen zwischen ihm und seinen Kunden, um beste Beratungsleistungen mit den besten Standards und Spezifikationen zur Verf\u00fcgung zu stellen.<br \/>Das Unternehmen strebt an, durch seine Dienstleistungen f\u00fchrend im Bereich Consulting in Europa, Amerika, dem Nahen Osten und dem Rest der Welt zu sein;<br \/><span style=\"background-color: rgba(255, 255, 255, 0); color: var(--body_typography-color); font-family: var(--body_typography-font-family); font-size: var(--body_typography-font-size); font-style: var(--body_typography-font-style,normal); font-weight: var(--body_typography-font-weight); letter-spacing: var(--body_typography-letter-spacing);\">die angesehenste und erfolgreichste Liste von Kunden zu haben.<br \/><\/span><span style=\"background-color: rgba(255, 255, 255, 0); color: var(--body_typography-color); font-family: var(--body_typography-font-family); font-size: var(--body_typography-font-size); font-style: var(--body_typography-font-style,normal); font-weight: var(--body_typography-font-weight); letter-spacing: var(--body_typography-letter-spacing);\">Vertrauensbr\u00fccken zwischen dem Unternehmen und seinen Kunden zu bauen und diese Br\u00fccke kontinuierlich auszubauen, fortzusetzen und zu entwickeln.<br \/><\/span><span style=\"background-color: rgba(255, 255, 255, 0); color: var(--body_typography-color); font-family: var(--body_typography-font-family); font-size: var(--body_typography-font-size); font-style: var(--body_typography-font-style,normal); font-weight: var(--body_typography-font-weight); letter-spacing: var(--body_typography-letter-spacing);\">Jedes Unternehmen oder jede Person kann sich direkt an uns wenden und nach dem Ausf\u00fcllen des Informationsformulars einen Termin buchen, damit ein Beratungstermin so schnell wie m\u00f6glich vereinbart werden kann.<\/span><\/p>\n<\/div><div class=\"fusion-clearfix\"><\/div><\/div><\/div><\/div><\/div><div class=\"fusion-fullwidth fullwidth-box fusion-builder-row-2 fusion-flex-container nonhundred-percent-fullwidth non-hundred-percent-height-scrolling\" style=\"background-color: rgba(255,255,255,0);background-position: center center;background-repeat: no-repeat;border-width: 0px 0px 0px 0px;border-color:#e2e2e2;border-style:solid;\" ><div class=\"fusion-builder-row fusion-row fusion-flex-align-items-flex-start\" style=\"max-width:1216.8px;margin-left: calc(-4% \/ 2 );margin-right: calc(-4% \/ 2 );\"><div class=\"fusion-layout-column fusion_builder_column fusion-builder-column-1 fusion_builder_column_1_1 1_1 fusion-flex-column\"><div class=\"fusion-column-wrapper fusion-flex-justify-content-flex-start fusion-content-layout-column\" style=\"background-position:left top;background-repeat:no-repeat;-webkit-background-size:cover;-moz-background-size:cover;-o-background-size:cover;background-size:cover;padding: 0px 0px 0px 0px;\"><style type=\"text\/css\">#accordion-1539-1 .fusion-panel:hover{ border-color: #e2e2e2 } #accordion-1539-1 .fusion-panel { border-color:#e2e2e2; }.fusion-accordian  #accordion-1539-1 .panel-title a .fa-fusion-box{ color: #ffffff;}.fusion-accordian  #accordion-1539-1 .panel-title a .fa-fusion-box:before{ font-size: 16px; width: 16px;}.fusion-accordian  #accordion-1539-1 .panel-title a{font-size:14px;color:#549f97;font-family:\"Cairo\";font-weight:700;}.fusion-accordian  #accordion-1539-1 .toggle-content{font-size:14px;color:#666666;font-family:\"Cairo\";font-weight:400;}.fusion-accordian  #accordion-1539-1 .fa-fusion-box { background-color: #212934;border-color: #212934;}.fusion-accordian  #accordion-1539-1 .panel-title a:not(.active):hover, #accordion-1539-1 .fusion-toggle-boxed-mode:hover .panel-title a { color: #e9a825;}.fusion-accordian  #accordion-1539-1 .panel-title .active .fa-fusion-box,.fusion-accordian  #accordion-1539-1 .panel-title a:not(.active):hover .fa-fusion-box { background-color: #e9a825!important;border-color: #e9a825!important;}<\/style><div class=\"accordian fusion-accordian\"><div class=\"panel-group\" id=\"accordion-1539-1\"><style type=\"text\/css\">.fusion-accordian  #accordion-1539-1 .panel-7579d57a143086ae9 .panel-title a{}.fusion-accordian  #accordion-1539-1 .panel-7579d57a143086ae9 .toggle-content{}<\/style><div class=\"fusion-panel panel-default panel-7579d57a143086ae9\"><div class=\"panel-heading\"><h4 class=\"panel-title toggle\"><a aria-expanded=\"false\" aria-controls=\"7579d57a143086ae9\" role=\"button\" data-toggle=\"collapse\" data-parent=\"#accordion-1539-1\" data-target=\"#7579d57a143086ae9\" href=\"#7579d57a143086ae9\"><span class=\"fusion-toggle-icon-wrapper\" aria-hidden=\"true\"><i class=\"fa-fusion-box active-icon awb-icon-minus\" aria-hidden=\"true\"><\/i><i class=\"fa-fusion-box inactive-icon awb-icon-plus\" aria-hidden=\"true\"><\/i><\/span><span class=\"fusion-toggle-heading\">Beratung mit der GRC German Resources Company GmbH:<\/span><\/a><\/h4><\/div><div id=\"7579d57a143086ae9\" class=\"panel-collapse collapse \"><div class=\"panel-body toggle-content fusion-clearfix\">\n<p>Wir, in der GRC German Resources Company GmbH und innerhalb der Beratungsabteilung bieten verschiedenen staatlichen Einrichtungen, privaten Unternehmen, Institutionen und Einzelpersonen diesen Service mit den besten Technologien und dem h\u00f6chsten Ma\u00df an Service und Wissen an.<\/p>\n<\/div><\/div><\/div><style type=\"text\/css\">.fusion-accordian  #accordion-1539-1 .panel-bf1d939ca63fcf88c .panel-title a{}.fusion-accordian  #accordion-1539-1 .panel-bf1d939ca63fcf88c .toggle-content{}<\/style><div class=\"fusion-panel panel-default panel-bf1d939ca63fcf88c\"><div class=\"panel-heading\"><h4 class=\"panel-title toggle\"><a aria-expanded=\"false\" aria-controls=\"bf1d939ca63fcf88c\" role=\"button\" data-toggle=\"collapse\" data-parent=\"#accordion-1539-1\" data-target=\"#bf1d939ca63fcf88c\" href=\"#bf1d939ca63fcf88c\"><span class=\"fusion-toggle-icon-wrapper\" aria-hidden=\"true\"><i class=\"fa-fusion-box active-icon awb-icon-minus\" aria-hidden=\"true\"><\/i><i class=\"fa-fusion-box inactive-icon awb-icon-plus\" aria-hidden=\"true\"><\/i><\/span><span class=\"fusion-toggle-heading\">Machbarkeitsstudie f\u00fcr Einwohner und Zuwanderer in Deutschland<\/span><\/a><\/h4><\/div><div id=\"bf1d939ca63fcf88c\" class=\"panel-collapse collapse \"><div class=\"panel-body toggle-content fusion-clearfix\">Wer in Deutschland ein Unternehmen gr\u00fcnden m\u00f6chte, ben\u00f6tigt eine Machbarkeitsstudie zur Vorlage bei staatlichen Stellen zur Genehmigung und Finanzierung seines Vorhabens, wie dem Jobcenter oder der Bundesagentur f\u00fcr Arbeit und anderen deutschen Beh\u00f6rden.<br \/><span style=\"background-color: rgba(255, 255, 255, 0); font-style: var(--body_typography-font-style,normal); letter-spacing: var(--body_typography-letter-spacing);\">Pr\u00e4sentation des Businessplans und der Wirtschaftlichkeitsstudie.<br \/><\/span><span style=\"background-color: rgba(255, 255, 255, 0); font-style: var(--body_typography-font-style,normal); letter-spacing: var(--body_typography-letter-spacing);\">Anbieten von logistischer Unterst\u00fctzung.<br \/><\/span><span style=\"background-color: rgba(255, 255, 255, 0); font-style: var(--body_typography-font-style,normal); letter-spacing: var(--body_typography-letter-spacing);\">Beratung bei Finanzierungsvorhaben \u00fcber die Finanzportfolios deutscher Landesbanken oder privater Kommunalbanken.<br \/><\/span><span style=\"background-color: rgba(255, 255, 255, 0); font-style: var(--body_typography-font-style,normal); letter-spacing: var(--body_typography-letter-spacing);\">Markenaufbau.<br \/><\/span><span style=\"background-color: rgba(255, 255, 255, 0); font-style: var(--body_typography-font-style,normal); letter-spacing: var(--body_typography-letter-spacing);\">Marketingpl\u00e4ne erstellen und entwickeln.<\/span><\/div><\/div><\/div><style type=\"text\/css\">.fusion-accordian  #accordion-1539-1 .panel-a22c1c626a0650776 .panel-title a{}.fusion-accordian  #accordion-1539-1 .panel-a22c1c626a0650776 .toggle-content{}<\/style><div class=\"fusion-panel panel-default panel-a22c1c626a0650776\"><div class=\"panel-heading\"><h4 class=\"panel-title toggle\"><a aria-expanded=\"false\" aria-controls=\"a22c1c626a0650776\" role=\"button\" data-toggle=\"collapse\" data-parent=\"#accordion-1539-1\" data-target=\"#a22c1c626a0650776\" href=\"#a22c1c626a0650776\"><span class=\"fusion-toggle-icon-wrapper\" aria-hidden=\"true\"><i class=\"fa-fusion-box active-icon awb-icon-minus\" aria-hidden=\"true\"><\/i><i class=\"fa-fusion-box inactive-icon awb-icon-plus\" aria-hidden=\"true\"><\/i><\/span><span class=\"fusion-toggle-heading\">Gesch\u00e4ftsleute und Investition in Deutschland und Aufenthalt f\u00fcr Investoren<\/span><\/a><\/h4><\/div><div id=\"a22c1c626a0650776\" class=\"panel-collapse collapse \"><div class=\"panel-body toggle-content fusion-clearfix\">\n<p>F\u00fcr den Fall, dass Sie ein Investor au\u00dferhalb Deutschlands sind und eine Investition in Deutschland er\u00f6ffnen und die Privilegien als Investor erhalten m\u00f6chten, k\u00f6nnen Sie uns kontaktieren, um die vollst\u00e4ndigen Verfahren zur Erlangung einer Aufenthaltserlaubnis und eines Investorenvisums zu erledigen.<\/p>\n<\/div><\/div><\/div><style type=\"text\/css\">.fusion-accordian  #accordion-1539-1 .panel-8f00341b0d487e8b8 .panel-title a{}.fusion-accordian  #accordion-1539-1 .panel-8f00341b0d487e8b8 .toggle-content{}<\/style><div class=\"fusion-panel panel-default panel-8f00341b0d487e8b8\"><div class=\"panel-heading\"><h4 class=\"panel-title toggle\"><a aria-expanded=\"false\" aria-controls=\"8f00341b0d487e8b8\" role=\"button\" data-toggle=\"collapse\" data-parent=\"#accordion-1539-1\" data-target=\"#8f00341b0d487e8b8\" href=\"#8f00341b0d487e8b8\"><span class=\"fusion-toggle-icon-wrapper\" aria-hidden=\"true\"><i class=\"fa-fusion-box active-icon awb-icon-minus\" aria-hidden=\"true\"><\/i><i class=\"fa-fusion-box inactive-icon awb-icon-plus\" aria-hidden=\"true\"><\/i><\/span><span class=\"fusion-toggle-heading\">Beratung f\u00fcr staatliche Institutionen:<\/span><\/a><\/h4><\/div><div id=\"8f00341b0d487e8b8\" class=\"panel-collapse collapse \"><div class=\"panel-body toggle-content fusion-clearfix\">\n<ul>\n<li>Unterst\u00fctzung von L\u00e4nderprojekten (gr\u00fcne Energie und erneuerbare Energie) mit einem BOT-System (das Nutzungsrechtssystem f\u00fcr L\u00e4nder) oder durch staatlich verwaltete Finanzportfolios<\/li>\n<li style=\"list-style-type: none;\">\n<ul>\n<li>Beratung zu sauberen Energieprojekten.<\/li>\n<li>Wirtschaftlichkeitsstudie f\u00fcr Entwicklungsprojekte.<\/li>\n<li>logistische Unterst\u00fctzung .<\/li>\n<li>Strategische Pl\u00e4ne.<\/li>\n<\/ul>\n<\/li>\n<\/ul>\n<\/div><\/div><\/div><style type=\"text\/css\">.fusion-accordian  #accordion-1539-1 .panel-9082c6968a5776e10 .panel-title a{}.fusion-accordian  #accordion-1539-1 .panel-9082c6968a5776e10 .toggle-content{}<\/style><div class=\"fusion-panel panel-default panel-9082c6968a5776e10\"><div class=\"panel-heading\"><h4 class=\"panel-title toggle\"><a aria-expanded=\"false\" aria-controls=\"9082c6968a5776e10\" role=\"button\" data-toggle=\"collapse\" data-parent=\"#accordion-1539-1\" data-target=\"#9082c6968a5776e10\" href=\"#9082c6968a5776e10\"><span class=\"fusion-toggle-icon-wrapper\" aria-hidden=\"true\"><i class=\"fa-fusion-box active-icon awb-icon-minus\" aria-hidden=\"true\"><\/i><i class=\"fa-fusion-box inactive-icon awb-icon-plus\" aria-hidden=\"true\"><\/i><\/span><span class=\"fusion-toggle-heading\">Beratung f\u00fcr Unternehmen und private Institutionen:<\/span><\/a><\/h4><\/div><div id=\"9082c6968a5776e10\" class=\"panel-collapse collapse \"><div class=\"panel-body toggle-content fusion-clearfix\">\n<ol>\n<li style=\"list-style-type: none;\">\n<ol>\n<li>Entwickelung eines Projektplans und einer Wirtschaftlichkeitsstudie.<\/li>\n<li>Kommerzielle Expansionsdienste und Marktausrichtung.<\/li>\n<li>Markenentwicklung.<\/li>\n<li>Erstellung und Entwicklung von Marketingpl\u00e4nen.<\/li>\n<li>Restrukturierung und Neuausstellung von Unternehmen nach aktuellem oder zuk\u00fcnftigem Status der Einrichtung.<\/li>\n<li>Bieten von logistischer Unterst\u00fctzung<\/li>\n<li>Finanzierung von Projekten (Finanzportfolios)<\/li>\n<\/ol>\n<\/li>\n<\/ol>\n<\/div><\/div><\/div><style type=\"text\/css\">.fusion-accordian  #accordion-1539-1 .panel-e3688824f3297ab83 .panel-title a{}.fusion-accordian  #accordion-1539-1 .panel-e3688824f3297ab83 .toggle-content{}<\/style><div class=\"fusion-panel panel-default panel-e3688824f3297ab83\"><div class=\"panel-heading\"><h4 class=\"panel-title toggle\"><a aria-expanded=\"false\" aria-controls=\"e3688824f3297ab83\" role=\"button\" data-toggle=\"collapse\" data-parent=\"#accordion-1539-1\" data-target=\"#e3688824f3297ab83\" href=\"#e3688824f3297ab83\"><span class=\"fusion-toggle-icon-wrapper\" aria-hidden=\"true\"><i class=\"fa-fusion-box active-icon awb-icon-minus\" aria-hidden=\"true\"><\/i><i class=\"fa-fusion-box inactive-icon awb-icon-plus\" aria-hidden=\"true\"><\/i><\/span><span class=\"fusion-toggle-heading\">Beratung f\u00fcr Privatpersonen:<\/span><\/a><\/h4><\/div><div id=\"e3688824f3297ab83\" class=\"panel-collapse collapse \"><div class=\"panel-body toggle-content fusion-clearfix\">\n<p><\/p>\n<ul>\n<li>Vorlage eines Businessplans und einer Wirtschaftlichkeitsstudie.<\/li>\n<li>Bieten von logistischer Unterst\u00fctzung<\/li>\n<li>Beratung bei der Finanzierung von Projekten durch Portfolios oder Unternehmen.<\/li>\n<li>Markenaufbau.<\/li>\n<li>Erstellung und Entwicklung von Marketingpl\u00e4nen.<\/li>\n<\/ul>\n<\/div><\/div><\/div><style type=\"text\/css\">.fusion-accordian  #accordion-1539-1 .panel-fde3c9da2ea8080dd .panel-title a{}.fusion-accordian  #accordion-1539-1 .panel-fde3c9da2ea8080dd .toggle-content{}<\/style><div class=\"fusion-panel panel-default panel-fde3c9da2ea8080dd\"><div class=\"panel-heading\"><h4 class=\"panel-title toggle\"><a aria-expanded=\"false\" aria-controls=\"fde3c9da2ea8080dd\" role=\"button\" data-toggle=\"collapse\" data-parent=\"#accordion-1539-1\" data-target=\"#fde3c9da2ea8080dd\" href=\"#fde3c9da2ea8080dd\"><span class=\"fusion-toggle-icon-wrapper\" aria-hidden=\"true\"><i class=\"fa-fusion-box active-icon awb-icon-minus\" aria-hidden=\"true\"><\/i><i class=\"fa-fusion-box inactive-icon awb-icon-plus\" aria-hidden=\"true\"><\/i><\/span><span class=\"fusion-toggle-heading\">Zus\u00e4tzliche Leistungen in der Beratungsabteilung der GRC German Resources Company GmbH:<\/span><\/a><\/h4><\/div><div id=\"fde3c9da2ea8080dd\" class=\"panel-collapse collapse \"><div class=\"panel-body toggle-content fusion-clearfix\">\n<p><\/p>\n<ul>\n<li style=\"list-style-type: none;\">\n<ul>\n<li>Ausbildung und Qualifizierung.<\/li>\n<li>Technische und fachliche Ausstattung.<\/li>\n<li>Beratung zu den besten Import- und Exportm\u00f6glichkeiten.<\/li>\n<\/ul>\n<\/li>\n<\/ul>\n<\/div><\/div><\/div><style type=\"text\/css\">.fusion-accordian  #accordion-1539-1 .panel-ab06f3f4f2cf1c27a .panel-title a{}.fusion-accordian  #accordion-1539-1 .panel-ab06f3f4f2cf1c27a .toggle-content{}<\/style><div class=\"fusion-panel panel-default panel-ab06f3f4f2cf1c27a\"><div class=\"panel-heading\"><h4 class=\"panel-title toggle\"><a aria-expanded=\"false\" aria-controls=\"ab06f3f4f2cf1c27a\" role=\"button\" data-toggle=\"collapse\" data-parent=\"#accordion-1539-1\" data-target=\"#ab06f3f4f2cf1c27a\" href=\"#ab06f3f4f2cf1c27a\"><span class=\"fusion-toggle-icon-wrapper\" aria-hidden=\"true\"><i class=\"fa-fusion-box active-icon awb-icon-minus\" aria-hidden=\"true\"><\/i><i class=\"fa-fusion-box inactive-icon awb-icon-plus\" aria-hidden=\"true\"><\/i><\/span><span class=\"fusion-toggle-heading\">Ziel: GRC German Resources Company GmbH strebt durch diesen Service Folgendes an:<\/span><\/a><\/h4><\/div><div id=\"ab06f3f4f2cf1c27a\" class=\"panel-collapse collapse \"><div class=\"panel-body toggle-content fusion-clearfix\">\n<ul>\n<li style=\"list-style-type: none;\">\n<ul>\n<li>Abgabe von Arbeitspl\u00e4nen und Arbeitsbeginn.<\/li>\n<li>Bereitstellung der besten Beratungsl\u00f6sungen f\u00fcr Kunden.<\/li>\n<li>Bereitstellung von Marketing- und Verwaltungsl\u00f6sungen.<\/li>\n<\/ul>\n<\/li>\n<\/ul>\n<\/div><\/div><\/div><\/div><\/div><\/div><style type=\"text\/css\">.fusion-body .fusion-builder-column-1{width:100% !important;margin-top : 0px;margin-bottom : 20px;}.fusion-builder-column-1 > .fusion-column-wrapper {padding-top : 0px !important;padding-right : 0px !important;margin-right : 1.92%;padding-bottom : 0px !important;padding-left : 0px !important;margin-left : 1.92%;}@media only screen and (max-width:1024px) {.fusion-body .fusion-builder-column-1{width:100% !important;order : 0;}.fusion-builder-column-1 > .fusion-column-wrapper {margin-right : 1.92%;margin-left : 1.92%;}}@media only screen and (max-width:640px) {.fusion-body .fusion-builder-column-1{width:100% !important;order : 0;}.fusion-builder-column-1 > .fusion-column-wrapper {margin-right : 1.92%;margin-left : 1.92%;}}<\/style><\/div><\/div><style type=\"text\/css\">.fusion-body .fusion-flex-container.fusion-builder-row-2{ padding-top : 0px;margin-top : 0px;padding-right : 0px;padding-bottom : 0px;margin-bottom : 0px;padding-left : 0px;}<\/style><\/div><div class=\"fusion-fullwidth fullwidth-box fusion-builder-row-3 nonhundred-percent-fullwidth non-hundred-percent-height-scrolling\" style=\"background-color: rgba(255,255,255,0);background-position: center center;background-repeat: no-repeat;padding-top:0px;padding-right:0px;padding-bottom:0px;padding-left:0px;margin-bottom: 0px;margin-top: 0px;border-width: 0px 0px 0px 0px;border-color:#e2e2e2;border-style:solid;\" ><div class=\"fusion-builder-row fusion-row\"><\/div><\/div><\/p>\n","protected":false},"excerpt":{"rendered":"","protected":false},"author":1,"featured_media":0,"parent":0,"menu_order":0,"comment_status":"closed","ping_status":"closed","template":"","meta":{"footnotes":""},"class_list":["post-1539","page","type-page","status-publish","hentry"],"_links":{"self":[{"href":"https:\/\/g-r-company.com\/index.php?rest_route=\/wp\/v2\/pages\/1539"}],"collection":[{"href":"https:\/\/g-r-company.com\/index.php?rest_route=\/wp\/v2\/pages"}],"about":[{"href":"https:\/\/g-r-company.com\/index.php?rest_route=\/wp\/v2\/types\/page"}],"author":[{"embeddable":true,"href":"https:\/\/g-r-company.com\/index.php?rest_route=\/wp\/v2\/users\/1"}],"replies":[{"embeddable":true,"href":"https:\/\/g-r-company.com\/index.php?rest_route=%2Fwp%2Fv2%2Fcomments&post=1539"}],"version-history":[{"count":0,"href":"https:\/\/g-r-company.com\/index.php?rest_route=\/wp\/v2\/pages\/1539\/revisions"}],"wp:attachment":[{"href":"https:\/\/g-r-company.com\/index.php?rest_route=%2Fwp%2Fv2%2Fmedia&parent=1539"}],"curies":[{"name":"wp","href":"https:\/\/api.w.org\/{rel}","templated":true}]}}