{"id":10,"date":"2015-02-20T20:12:13","date_gmt":"2015-02-20T20:12:13","guid":{"rendered":"https:\/\/avada.theme-fusion.com_demos\/law\/?page_id=10"},"modified":"2022-06-19T08:12:53","modified_gmt":"2022-06-19T08:12:53","slug":"uber-uns","status":"publish","type":"page","link":"https:\/\/g-r-company.com\/?page_id=10","title":{"rendered":"\u00dcber uns"},"content":{"rendered":"<p><div class=\"fusion-fullwidth fullwidth-box fusion-builder-row-1 nonhundred-percent-fullwidth non-hundred-percent-height-scrolling\" style=\"background-color: #ffffff;background-position: left top;background-repeat: no-repeat;padding-top:110px;padding-right:0px;padding-bottom:0px;padding-left:0px;margin-bottom: 0px;margin-top: 0px;border-width: 0px 0px 0px 0px;border-color:#e2e2e2;border-style:solid;\" ><div class=\"fusion-builder-row fusion-row\"><div class=\"fusion-layout-column fusion_builder_column fusion-builder-column-0 fusion_builder_column_1_1 1_1 fusion-one-full fusion-column-first fusion-column-last fusion-column-no-min-height\" style=\"margin-top:0px;margin-bottom:0px;\"><div class=\"fusion-column-wrapper fusion-flex-column-wrapper-legacy\" style=\"background-position:left top;background-repeat:no-repeat;-webkit-background-size:cover;-moz-background-size:cover;-o-background-size:cover;background-size:cover;background-color:#ffffff;padding: 0px 0px 0px 0px;\"><div class=\"fusion-sep-clear\"><\/div><div class=\"fusion-separator fusion-full-width-sep\" style=\"margin-left: auto;margin-right: auto;margin-top:0px;margin-bottom:0px;width:100%;\"><div class=\"fusion-separator-border sep-single sep-solid\" style=\"border-color:#000000;border-top-width:5px;\"><\/div><\/div><div class=\"fusion-sep-clear\"><\/div><div class=\"fusion-sep-clear\"><\/div><div class=\"fusion-separator fusion-full-width-sep\" style=\"margin-left: auto;margin-right: auto;margin-top:0px;margin-bottom:0px;width:100%;\"><div class=\"fusion-separator-border sep-single sep-solid\" style=\"border-color:#e33135;border-top-width:5px;\"><\/div><\/div><div class=\"fusion-sep-clear\"><\/div><div class=\"fusion-sep-clear\"><\/div><div class=\"fusion-separator fusion-full-width-sep\" style=\"margin-left: auto;margin-right: auto;margin-top:0px;margin-bottom:0px;width:100%;\"><div class=\"fusion-separator-border sep-single sep-solid\" style=\"border-color:#f6d243;border-top-width:5px;\"><\/div><\/div><div class=\"fusion-sep-clear\"><\/div><div class=\"fusion-clearfix\"><\/div><\/div><\/div><div class=\"fusion-layout-column fusion_builder_column fusion-builder-column-1 fusion_builder_column_1_3 1_3 fusion-one-third fusion-column-first\" style=\"width:33.333333333333%;width:calc(33.333333333333% - ( ( 4% ) * 0.33333333333333 ) );margin-right: 4%;margin-top:0px;margin-bottom:20px;\"><div class=\"fusion-column-wrapper fusion-flex-column-wrapper-legacy\" style=\"background-position:left top;background-repeat:no-repeat;-webkit-background-size:cover;-moz-background-size:cover;-o-background-size:cover;background-size:cover;background-color:#ffffff;padding: 10px 10px 10px 10px;\"><span class=\" fusion-imageframe imageframe-none imageframe-1 hover-type-none fusion-animated\" style=\"border:3px solid #e2e2e2;\" data-animationType=\"rubberBand\" data-animationDuration=\"0.3\" data-animationOffset=\"top-into-view\"><img decoding=\"async\" width=\"300\" height=\"169\" title=\"800x450_5704252_Hasafer.com\" src=\"https:\/\/g-r-company.com\/wp-content\/uploads\/2022\/03\/800x450_5704252_Hasafer.com_-300x169.jpg\" alt class=\"img-responsive wp-image-1982\" srcset=\"https:\/\/g-r-company.com\/wp-content\/uploads\/2022\/03\/800x450_5704252_Hasafer.com_-200x113.jpg 200w, https:\/\/g-r-company.com\/wp-content\/uploads\/2022\/03\/800x450_5704252_Hasafer.com_-400x225.jpg 400w, https:\/\/g-r-company.com\/wp-content\/uploads\/2022\/03\/800x450_5704252_Hasafer.com_.jpg 600w\" sizes=\"(max-width: 850px) 100vw, 400px\" \/><\/span><div class=\"fusion-clearfix\"><\/div><\/div><\/div><div class=\"fusion-layout-column fusion_builder_column fusion-builder-column-2 fusion_builder_column_2_3 2_3 fusion-two-third fusion-column-last\" style=\"width:66.666666666667%;width:calc(66.666666666667% - ( ( 4% ) * 0.66666666666667 ) );margin-top:0px;margin-bottom:20px;\"><div class=\"fusion-column-wrapper fusion-flex-column-wrapper-legacy\" style=\"background-position:left top;background-repeat:no-repeat;-webkit-background-size:cover;-moz-background-size:cover;-o-background-size:cover;background-size:cover;background-color:#ffffff;padding: 10px 10px 10px 10px;\"><style type=\"text\/css\">.fusion-title.fusion-title-1 svg path{stroke-width:9!important}<\/style><div class=\"fusion-title title fusion-title-1 fusion-sep-none fusion-title-highlight fusion-loop-off fusion-highlight-circle fusion-title-size-one\" style=\"margin-top:10px;margin-right:0px;margin-bottom:15px;margin-left:0px;\" data-highlight=\"circle\"><h1 class=\"title-heading-right\" style=\"margin:0;\"><span class=\"fusion-highlighted-text-prefix\"><\/span>  <span class=\"fusion-highlighted-text-postfix\"><\/span><\/h1><\/div><div class=\"fusion-text fusion-text-1\"><h1>GRC German-Resources-Company GmbH<\/h1>\n<p><span style=\"color: var(--body_typography-color); font-family: var(--body_typography-font-family); font-size: var(--body_typography-font-size); font-style: var(--body_typography-font-style,normal); font-weight: var(--body_typography-font-weight); letter-spacing: var(--body_typography-letter-spacing);\">GRC German Resources Company GmbH ist ein Gewerbeunternehmen und wurde in Deutschland, in Frankfurt gegr\u00fcndet.  Neben den j\u00e4hrlich stattfindenden Messen und Veranstaltungen, wie die Buchmesse, Frankfurter Automobilausstellung, die globale Konsumg\u00fcter- und Textilindustrie, usw. gilt Frankfurt am Main mit der Europ\u00e4ischen Zentralbank und anderen Beh\u00f6rden der Europ\u00e4ischen Union als Wirtschaftshauptstadt Deutschlands und auch als einer der vier Hauptst\u00e4dte der EU.<\/span><\/p>\n<p>Durch unsere ausgezeichnete Lage in Frankfurt haben wir eine partnerschaftliche Beziehung mit verschiedenen gewerblichen Einrichtungen und Institutionen im staatlichen und privaten Sektor auf deutscher, europ\u00e4ischer und globaler Ebene aufgebaut.<\/p>\n<\/div><div class=\"fusion-clearfix\"><\/div><\/div><\/div><\/div><\/div><div class=\"fusion-fullwidth fullwidth-box fusion-builder-row-2 nonhundred-percent-fullwidth hundred-percent-height hundred-percent-height-center-content non-hundred-percent-height-scrolling\" style=\"background-color: rgba(0,0,0,0);background-position: center center;background-repeat: no-repeat;padding-top:0px;padding-right:0px;padding-bottom:0px;padding-left:0px;margin-bottom: 0px;margin-top: 0px;border-width: 0px 0px 0px 0px;border-color:#e2e2e2;border-style:solid;\" ><div class=\"fusion-fullwidth-center-content\"><div class=\"fusion-builder-row fusion-row\"><div class=\"fusion-layout-column fusion_builder_column fusion-builder-column-3 fusion_builder_column_1_2 1_2 fusion-one-half fusion-column-first\" style=\"width:50%;width:calc(50% - ( ( 4% ) * 0.5 ) );margin-right: 4%;margin-top:0px;margin-bottom:20px;\"><div class=\"fusion-column-wrapper fusion-flex-column-wrapper-legacy\" style=\"background-position:left top;background-repeat:no-repeat;-webkit-background-size:cover;-moz-background-size:cover;-o-background-size:cover;background-size:cover;background-color:#ffffff;padding: 30px 30px 30px 30px;\"><style type=\"text\/css\"><\/style><div class=\"fusion-title title fusion-title-2 fusion-sep-none fusion-title-text fusion-title-size-one\" style=\"margin-top:10px;margin-right:0px;margin-bottom:15px;margin-left:0px;\"><h1 class=\"title-heading-right\" style=\"margin:0;\"><p style=\"text-align: left;\">Unsere Vision<\/p><\/h1><\/div><div class=\"fusion-text fusion-text-2\"><p>Das Bindeglied zwischen den deutschen, europ\u00e4ischen und globalen M\u00e4rkten zu sein.<\/p>\n<p>Ein wesentliches\u00a0Unterscheidungsmerkmal\u00a0zur Bindung hoch ausgebildeter und qualifizierter Fachkr\u00e4fte an die Arbeitgeber und Einrichtungen in einer Weise zu sein, die die Interessen beider\u00a0Parteien angemessen\u00a0vertritt und den Prozess der menschlichen Entwicklung f\u00fcr alle Nutzer unserer Services optimal steuert.<\/p>\n<\/div><div class=\"fusion-clearfix\"><\/div><\/div><\/div><div class=\"fusion-layout-column fusion_builder_column fusion-builder-column-4 fusion_builder_column_1_2 1_2 fusion-one-half fusion-column-last\" style=\"width:50%;width:calc(50% - ( ( 4% ) * 0.5 ) );margin-top:0px;margin-bottom:20px;\"><div class=\"fusion-column-wrapper fusion-column-has-shadow fusion-flex-column-wrapper-legacy\" style=\"background-position:left top;background-repeat:no-repeat;-webkit-background-size:cover;-moz-background-size:cover;-o-background-size:cover;background-size:cover;background-color:#ffffff;box-shadow:0px 0px ;;padding: 30px 30px 30px 30px;\"><style type=\"text\/css\"><\/style><div class=\"fusion-title title fusion-title-3 fusion-sep-none fusion-title-text fusion-title-size-one\" style=\"margin-top:10px;margin-right:0px;margin-bottom:15px;margin-left:0px;\"><h1 class=\"title-heading-left\" style=\"margin:0;\">Unser Ziel<\/h1><\/div><div class=\"fusion-text fusion-text-3\"><p>Wir wollen ein bevorzugter Partner sein:\u00a0Unternehmertum mit all seinen verschiedenen Bereichen und Handels-, Marketing- und Logistikdienstleistungen f\u00fcr Unternehmen und Privatpersonen.<\/p>\n<\/div><div class=\"fusion-clearfix\"><\/div><\/div><\/div><\/div><\/div><\/div><div class=\"fusion-fullwidth fullwidth-box fusion-builder-row-3 nonhundred-percent-fullwidth non-hundred-percent-height-scrolling\" style=\"background-color: rgba(255,255,255,0);background-position: center center;background-repeat: no-repeat;padding-top:0px;padding-right:0px;padding-bottom:0px;padding-left:0px;margin-bottom: 0px;margin-top: 0px;border-width: 0px 0px 0px 0px;border-color:#e2e2e2;border-style:solid;\" ><div class=\"fusion-builder-row fusion-row\"><div class=\"fusion-layout-column fusion_builder_column fusion-builder-column-5 fusion_builder_column_1_1 1_1 fusion-one-full fusion-column-first fusion-column-last\" style=\"margin-top:0px;margin-bottom:20px;\"><div class=\"fusion-column-wrapper fusion-flex-column-wrapper-legacy\" style=\"background-position:left top;background-repeat:no-repeat;-webkit-background-size:cover;-moz-background-size:cover;-o-background-size:cover;background-size:cover;background-color:#ffffff;padding: 0px 0px 0px 0px;\"><style type=\"text\/css\"><\/style><div class=\"fusion-title title fusion-title-4 fusion-sep-none fusion-title-center fusion-title-text fusion-title-size-one\" style=\"margin-top:10px;margin-right:0px;margin-bottom:15px;margin-left:0px;\"><h1 class=\"title-heading-center\" style=\"margin:0;\">Unsere Philosophie<\/h1><\/div><div class=\"fusion-text fusion-text-4\"><p style=\"text-align: left;\">Durch seine zahlreichen Dienstleistungen versucht unser Unternehmen, ein Netzwerk von Kan\u00e4len zu schaffen, die wiederum dazu beitragen, mehrere Dienstleistungen von hoher Qualit\u00e4t sowie bilaterale Vereinbarungen zwischen deutschen Unternehmen und vielen Unternehmen weltweit bereitzustellen.<\/p>\n<\/div><div class=\"fusion-clearfix\"><\/div><\/div><\/div><\/div><\/div><div class=\"fusion-bg-parallax\" data-bg-align=\"center center\" data-direction=\"up\" data-mute=\"false\" data-opacity=\"100\" data-velocity=\"-0.5\" data-mobile-enabled=\"false\" data-break_parents=\"0\" data-bg-image=\"http:\/\/ar.german-resources-company.com\/wp-content\/uploads\/2015\/02\/avada-law-parallax6.jpg\" data-bg-repeat=\"false\" ><\/div><div class=\"fusion-fullwidth fullwidth-box fusion-builder-row-4 fusion-parallax-up nonhundred-percent-fullwidth non-hundred-percent-height-scrolling\" style=\"background-color: rgba(255,255,255,0);background-image: url(&quot;http:\/\/ar.german-resources-company.com\/wp-content\/uploads\/2015\/02\/avada-law-parallax6.jpg&quot;);background-position: center center;background-repeat: no-repeat;padding-top:110px;padding-right:0px;padding-bottom:65px;padding-left:0px;margin-bottom: 0px;margin-top: 0px;border-width: 0px 0px 0px 0px;border-color:#e2e2e2;border-style:solid;-webkit-background-size:cover;-moz-background-size:cover;-o-background-size:cover;background-size:cover;\" ><div class=\"fusion-builder-row fusion-row\"><div class=\"fusion-layout-column fusion_builder_column fusion-builder-column-6 fusion_builder_column_1_1 1_1 fusion-one-full fusion-column-first fusion-column-last fusion-column-no-min-height\" style=\"margin-top:0px;margin-bottom:0px;\"><div class=\"fusion-column-wrapper fusion-flex-column-wrapper-legacy\" style=\"background-position:left top;background-repeat:no-repeat;-webkit-background-size:cover;-moz-background-size:cover;-o-background-size:cover;background-size:cover;padding: 0px 0px 0px 0px;\"><style type=\"text\/css\">@media only screen and (max-width:850px) {.fusion-title.fusion-title-5{margin-top:!important;margin-bottom:30px!important;}}<\/style><div class=\"fusion-title title fusion-title-5 fusion-sep-none fusion-title-center fusion-title-text fusion-title-size-two\" style=\"margin-top:10px;margin-right:0px;margin-bottom:30px;margin-left:0px;\"><h2 class=\"title-heading-center\" style=\"margin:0;color:#ffffff;\"><h2><span style=\"color: #ffffff;\">Unsere Partner und Unternehmen-Dienstleistungsempf\u00e4nger<\/span><\/h2><\/h2><\/div><style type=\"text\/css\">.fusion-gallery-1 .fusion-gallery-image {border:0px solid #e2e2e2;}<\/style><div class=\"fusion-gallery fusion-gallery-container fusion-grid-6 fusion-columns-total-6 fusion-gallery-layout-masonry fusion-gallery-1\" style=\"margin:-5px;\"><div class=\"fusion-grid-column fusion-gallery-column fusion-gallery-column-6 hover-type-none fusion-grid-sizer\"><\/div><div style=\"padding:5px;\" class=\"fusion-grid-column fusion-gallery-column fusion-gallery-column-6 hover-type-none fusion-element-landscape\"><div class=\"fusion-gallery-image\"><a href=\"https:\/\/g-r-company.com\/wp-content\/uploads\/2021\/12\/logo_5.png\" rel=\"noreferrer\" data-rel=\"iLightbox[gallery_image_1]\" class=\"fusion-lightbox\" target=\"_self\"><div style=\"background-image:url(https:\/\/g-r-company.com\/wp-content\/uploads\/2021\/12\/logo_5.png);padding-top:calc((100% + 10px) * 0.4 - 5px);\" class=\"fusion-masonry-element-container\"><img decoding=\"async\" src=\"https:\/\/g-r-company.com\/wp-content\/uploads\/2021\/12\/logo_5.png\" width=\"396\" height=\"252\" alt=\"\" title=\"logo_5\" aria-label=\"logo_5\" class=\"img-responsive wp-image-1876\" srcset=\"https:\/\/g-r-company.com\/wp-content\/uploads\/2021\/12\/logo_5-200x127.png 200w, https:\/\/g-r-company.com\/wp-content\/uploads\/2021\/12\/logo_5.png 396w\" sizes=\"(min-width: 2200px) 100vw, (min-width: 824px) 387px, (min-width: 732px) 580px, (min-width: 640px) 732px, \" \/><\/div><\/a><\/div><\/div><div style=\"padding:5px;\" class=\"fusion-grid-column fusion-gallery-column fusion-gallery-column-6 hover-type-none fusion-element-landscape\"><div class=\"fusion-gallery-image\"><a href=\"https:\/\/g-r-company.com\/wp-content\/uploads\/2021\/12\/logo_4.png\" rel=\"noreferrer\" data-rel=\"iLightbox[gallery_image_1]\" class=\"fusion-lightbox\" target=\"_self\"><div style=\"background-image:url(https:\/\/g-r-company.com\/wp-content\/uploads\/2021\/12\/logo_4.png);padding-top:calc((100% + 10px) * 0.4 - 5px);\" class=\"fusion-masonry-element-container\"><img decoding=\"async\" src=\"https:\/\/g-r-company.com\/wp-content\/uploads\/2021\/12\/logo_4.png\" width=\"396\" height=\"252\" alt=\"\" title=\"logo_4\" aria-label=\"logo_4\" class=\"img-responsive wp-image-1875\" srcset=\"https:\/\/g-r-company.com\/wp-content\/uploads\/2021\/12\/logo_4-200x127.png 200w, https:\/\/g-r-company.com\/wp-content\/uploads\/2021\/12\/logo_4.png 396w\" sizes=\"(min-width: 2200px) 100vw, (min-width: 824px) 387px, (min-width: 732px) 580px, (min-width: 640px) 732px, \" \/><\/div><\/a><\/div><\/div><div style=\"padding:5px;\" class=\"fusion-grid-column fusion-gallery-column fusion-gallery-column-6 hover-type-none fusion-element-landscape\"><div class=\"fusion-gallery-image\"><a href=\"https:\/\/g-r-company.com\/wp-content\/uploads\/2021\/12\/logo_3.png\" rel=\"noreferrer\" data-rel=\"iLightbox[gallery_image_1]\" class=\"fusion-lightbox\" target=\"_self\"><div style=\"background-image:url(https:\/\/g-r-company.com\/wp-content\/uploads\/2021\/12\/logo_3.png);padding-top:calc((100% + 10px) * 0.4 - 5px);\" class=\"fusion-masonry-element-container\"><img decoding=\"async\" src=\"https:\/\/g-r-company.com\/wp-content\/uploads\/2021\/12\/logo_3.png\" width=\"396\" height=\"252\" alt=\"\" title=\"logo_3\" aria-label=\"logo_3\" class=\"img-responsive wp-image-1874\" srcset=\"https:\/\/g-r-company.com\/wp-content\/uploads\/2021\/12\/logo_3-200x127.png 200w, https:\/\/g-r-company.com\/wp-content\/uploads\/2021\/12\/logo_3.png 396w\" sizes=\"(min-width: 2200px) 100vw, (min-width: 824px) 387px, (min-width: 732px) 580px, (min-width: 640px) 732px, \" \/><\/div><\/a><\/div><\/div><div style=\"padding:5px;\" class=\"fusion-grid-column fusion-gallery-column fusion-gallery-column-6 hover-type-none fusion-element-landscape\"><div class=\"fusion-gallery-image\"><a href=\"https:\/\/g-r-company.com\/wp-content\/uploads\/2021\/12\/logo_2.png\" rel=\"noreferrer\" data-rel=\"iLightbox[gallery_image_1]\" class=\"fusion-lightbox\" target=\"_self\"><div style=\"background-image:url(https:\/\/g-r-company.com\/wp-content\/uploads\/2021\/12\/logo_2.png);padding-top:calc((100% + 10px) * 0.4 - 5px);\" class=\"fusion-masonry-element-container\"><img decoding=\"async\" src=\"https:\/\/g-r-company.com\/wp-content\/uploads\/2021\/12\/logo_2.png\" width=\"396\" height=\"252\" alt=\"\" title=\"logo_2\" aria-label=\"logo_2\" class=\"img-responsive wp-image-1873\" srcset=\"https:\/\/g-r-company.com\/wp-content\/uploads\/2021\/12\/logo_2-200x127.png 200w, https:\/\/g-r-company.com\/wp-content\/uploads\/2021\/12\/logo_2.png 396w\" sizes=\"(min-width: 2200px) 100vw, (min-width: 824px) 387px, (min-width: 732px) 580px, (min-width: 640px) 732px, \" \/><\/div><\/a><\/div><\/div><div style=\"padding:5px;\" class=\"fusion-grid-column fusion-gallery-column fusion-gallery-column-6 hover-type-none fusion-element-landscape\"><div class=\"fusion-gallery-image\"><a href=\"https:\/\/g-r-company.com\/wp-content\/uploads\/2021\/12\/logo_1.png\" rel=\"noreferrer\" data-rel=\"iLightbox[gallery_image_1]\" class=\"fusion-lightbox\" target=\"_self\"><div style=\"background-image:url(https:\/\/g-r-company.com\/wp-content\/uploads\/2021\/12\/logo_1.png);padding-top:calc((100% + 10px) * 0.4 - 5px);\" class=\"fusion-masonry-element-container\"><img decoding=\"async\" src=\"https:\/\/g-r-company.com\/wp-content\/uploads\/2021\/12\/logo_1.png\" width=\"396\" height=\"252\" alt=\"\" title=\"logo_1\" aria-label=\"logo_1\" class=\"img-responsive wp-image-1872\" srcset=\"https:\/\/g-r-company.com\/wp-content\/uploads\/2021\/12\/logo_1-200x127.png 200w, https:\/\/g-r-company.com\/wp-content\/uploads\/2021\/12\/logo_1.png 396w\" sizes=\"(min-width: 2200px) 100vw, (min-width: 824px) 387px, (min-width: 732px) 580px, (min-width: 640px) 732px, \" \/><\/div><\/a><\/div><\/div><div style=\"padding:5px;\" class=\"fusion-grid-column fusion-gallery-column fusion-gallery-column-6 hover-type-none fusion-element-landscape\"><div class=\"fusion-gallery-image\"><a href=\"https:\/\/g-r-company.com\/wp-content\/uploads\/2021\/12\/logo_6.png\" rel=\"noreferrer\" data-rel=\"iLightbox[gallery_image_1]\" class=\"fusion-lightbox\" target=\"_self\"><div style=\"background-image:url(https:\/\/g-r-company.com\/wp-content\/uploads\/2021\/12\/logo_6.png);padding-top:calc((100% + 10px) * 0.4 - 5px);\" class=\"fusion-masonry-element-container\"><img decoding=\"async\" src=\"https:\/\/g-r-company.com\/wp-content\/uploads\/2021\/12\/logo_6.png\" width=\"396\" height=\"252\" alt=\"\" title=\"logo_6\" aria-label=\"logo_6\" class=\"img-responsive wp-image-1871\" srcset=\"https:\/\/g-r-company.com\/wp-content\/uploads\/2021\/12\/logo_6-200x127.png 200w, https:\/\/g-r-company.com\/wp-content\/uploads\/2021\/12\/logo_6.png 396w\" sizes=\"(min-width: 2200px) 100vw, (min-width: 824px) 387px, (min-width: 732px) 580px, (min-width: 640px) 732px, \" \/><\/div><\/a><\/div><\/div><\/div><div class=\"fusion-clearfix\"><\/div><\/div><\/div><\/div><\/div><\/p>\n","protected":false},"excerpt":{"rendered":"","protected":false},"author":1,"featured_media":0,"parent":0,"menu_order":0,"comment_status":"open","ping_status":"closed","template":"100-width.php","meta":{"footnotes":""},"class_list":["post-10","page","type-page","status-publish","hentry"],"_links":{"self":[{"href":"https:\/\/g-r-company.com\/index.php?rest_route=\/wp\/v2\/pages\/10"}],"collection":[{"href":"https:\/\/g-r-company.com\/index.php?rest_route=\/wp\/v2\/pages"}],"about":[{"href":"https:\/\/g-r-company.com\/index.php?rest_route=\/wp\/v2\/types\/page"}],"author":[{"embeddable":true,"href":"https:\/\/g-r-company.com\/index.php?rest_route=\/wp\/v2\/users\/1"}],"replies":[{"embeddable":true,"href":"https:\/\/g-r-company.com\/index.php?rest_route=%2Fwp%2Fv2%2Fcomments&post=10"}],"version-history":[{"count":1,"href":"https:\/\/g-r-company.com\/index.php?rest_route=\/wp\/v2\/pages\/10\/revisions"}],"predecessor-version":[{"id":2426,"href":"https:\/\/g-r-company.com\/index.php?rest_route=\/wp\/v2\/pages\/10\/revisions\/2426"}],"wp:attachment":[{"href":"https:\/\/g-r-company.com\/index.php?rest_route=%2Fwp%2Fv2%2Fmedia&parent=10"}],"curies":[{"name":"wp","href":"https:\/\/api.w.org\/{rel}","templated":true}]}}